{"id":374,"date":"2018-04-05T08:52:52","date_gmt":"2018-04-05T08:52:52","guid":{"rendered":"http:\/\/136.243.146.162\/~hotelast\/?page_id=374"},"modified":"2023-07-22T08:52:25","modified_gmt":"2023-07-22T08:52:25","slug":"therapeies-somatos","status":"publish","type":"page","link":"https:\/\/www.hotelastron.com\/de\/therapeies-somatos\/","title":{"rendered":"Massage &#038; Wellness Dienstleistungen"},"content":{"rendered":"<p><strong><em>Cretan Ethereal Spa Treatments<\/em><\/strong> ist eine einzigartige Wellness &amp; Massage Behandlung. Unsere Therapeuten bieten Ihnen eine komplette Menge von Massagebehandlungen an, zusammen mit Therapien, die sich aus den Gesundheitspraktiken des antiken Kreta ergeben, mit der Nutzung seiner nat\u00fcrlichen Zutaten.<\/p>\n<p>Wir kombinieren reine kretische \u00e4therische \u00d6le auf eine Weise, die ein einzigartiges Gef\u00fchl der Entspannung und Verj\u00fcngung von K\u00f6rper und Geist schafft und Ihren Besuch unvergesslich macht.<\/p>\n<p>F\u00fcr unsere Gesichtsbehandlungen verwenden wir die Produkte von <strong><em>Dalton Marine Cosmetics<\/em><\/strong>, die f\u00fcr alle Hauttypen geeignet sind und aus Meeresprodukten hergestellt werden, die Ihrer Haut Gesundheit und Pflege bieten.<\/p>\n<p>Unsere ausgebildeten Therapeuten sind f\u00fcr Sie da, um Ihre K\u00f6rper den nat\u00fcrlichen Reichtum unseres Landes und Meeres zu genie\u00dfen und sich voll f\u00fcllen!!<\/p>\n<p>F\u00fcr mehr Informationen, klicken Sie bitte hier:<\/p>\n<p><a href=\"https:\/\/www.hotelastron.com\/wp-content\/uploads\/2023-Menu-DE.jpg\" target=\"_blank\" rel=\"attachment wp-att-364\"><img loading=\"lazy\" decoding=\"async\" class=\"alignnone wp-image-364 size-full\" src=\"https:\/\/www.hotelastron.com\/wp-content\/uploads\/cretan-etherial-LOGO-2015.jpg\" alt=\"cretan etherial LOGO 2015\" width=\"418\" height=\"261\" \/><\/a><\/p>","protected":false},"excerpt":{"rendered":"<p>Cretan Ethereal Spa Treatments ist eine einzigartige Wellness &amp; Massage Behandlung. Unsere Therapeuten bieten Ihnen eine komplette Menge von Massagebehandlungen an, zusammen mit Therapien, die sich aus den Gesundheitspraktiken des antiken Kreta ergeben, mit der Nutzung seiner nat\u00fcrlichen Zutaten. Wir kombinieren reine kretische \u00e4therische \u00d6le auf eine Weise, die ein einzigartiges Gef\u00fchl der Entspannung und [&hellip;]<\/p>\n","protected":false},"author":1,"featured_media":0,"parent":0,"menu_order":0,"comment_status":"closed","ping_status":"closed","template":"","meta":{"footnotes":""},"class_list":["post-374","page","type-page","status-publish","hentry"],"_links":{"self":[{"href":"https:\/\/www.hotelastron.com\/de\/wp-json\/wp\/v2\/pages\/374","targetHints":{"allow":["GET"]}}],"collection":[{"href":"https:\/\/www.hotelastron.com\/de\/wp-json\/wp\/v2\/pages"}],"about":[{"href":"https:\/\/www.hotelastron.com\/de\/wp-json\/wp\/v2\/types\/page"}],"author":[{"embeddable":true,"href":"https:\/\/www.hotelastron.com\/de\/wp-json\/wp\/v2\/users\/1"}],"replies":[{"embeddable":true,"href":"https:\/\/www.hotelastron.com\/de\/wp-json\/wp\/v2\/comments?post=374"}],"version-history":[{"count":16,"href":"https:\/\/www.hotelastron.com\/de\/wp-json\/wp\/v2\/pages\/374\/revisions"}],"predecessor-version":[{"id":677,"href":"https:\/\/www.hotelastron.com\/de\/wp-json\/wp\/v2\/pages\/374\/revisions\/677"}],"wp:attachment":[{"href":"https:\/\/www.hotelastron.com\/de\/wp-json\/wp\/v2\/media?parent=374"}],"curies":[{"name":"wp","href":"https:\/\/api.w.org\/{rel}","templated":true}]}}