{"id":348,"date":"2018-01-23T08:29:38","date_gmt":"2018-01-23T08:29:38","guid":{"rendered":"http:\/\/136.243.146.162\/~hotelast\/?page_id=348"},"modified":"2022-03-15T16:02:48","modified_gmt":"2022-03-15T16:02:48","slug":"ethouses-synedrion-ekdiloseon","status":"publish","type":"page","link":"https:\/\/www.hotelastron.com\/de\/ethouses-synedrion-ekdiloseon\/","title":{"rendered":"Veranstaltungen &#038; Einrichtungen"},"content":{"rendered":"<p>Mit der Tradition und der Erfahrung in Hosting erfolgreiche Gesch\u00e4ftstreffen und Veranstaltungen haben wir 2 voll ausgestattete S\u00e4le, die f\u00fcr eine wirklich einzigartige und erfolgreiche Corporate Event zur Verf\u00fcgung stehen, erstellt:<\/p>\n<ol>\n<li>Der Konferenzraum <strong>\u201cPegasus\u201d<\/strong>, mit Fl\u00e4che 70m<sup>2<\/sup> und Kapazit\u00e4t f\u00fcr 75 Teilnehmer<\/li>\n<li>Das Restaurant <strong>&#8222;Phoenix&#8220;<\/strong> mit Fl\u00e4che 170m<sup>2<\/sup> und Kapazit\u00e4t f\u00fcr Teilnehmer<\/li>\n<\/ol>\n<p>Alle Zimmer sind geeignet f\u00fcr:<\/p>\n<ul>\n<li><em>Kongresse<\/em><em> &amp; <\/em><em>Tagungen<\/em><\/li>\n<li><em>Gesch\u00e4fts<\/em><em>-und <\/em><em>Bildungsveranstaltung<\/em> <em>Seminare<\/em><\/li>\n<li><em>Corporate Events und Gesch\u00e4ftsessen<\/em><\/li>\n<li><em>Produkt<\/em><em>-Promotion<\/em><\/li>\n<li><em>Verein<\/em> <em>Versammlungen<\/em><em> und Meetings<\/em><\/li>\n<li><em>Sozial<\/em> <em>Empf\u00e4nge<\/em><\/li>\n<li><em>Soziale Ereignisse (Hochzeiten, Feste usw.)<\/em><\/li>\n<\/ul>\n<p>Alle dieser R\u00e4ume verf\u00fcgen \u00fcber:<\/p>\n<ul>\n<li><em>nat\u00fcrliche<\/em> <em>Beleuchtung<\/em><em> und <\/em><em>Bel\u00fcftung<\/em><\/li>\n<li><em>unabh\u00e4ngig<\/em> <em>steuerbare<\/em> <em>Klimaanlage<\/em><\/li>\n<li><em>regulierbare<\/em> <em>Beleuchtung<\/em><\/li>\n<li><em>Projektierer<\/em><\/li>\n<li><em>Mikrophon<\/em><em> und <\/em><em>Audioanlage<\/em><\/li>\n<li><em>Flip-Chart<\/em><\/li>\n<li><em>Schreibwaren<\/em><\/li>\n<li><em>kostenloses<\/em> <em>drahtloses<\/em><em> Internet<\/em><\/li>\n<li><em>Daten<\/em><em> &#8211; und <\/em><em>Videoprojektor<\/em><\/li>\n<li><em>Fernsehen<\/em><em> und DVD<\/em><\/li>\n<\/ul>\n<p>Unsere voll ausgestattete K\u00fcche steht Ihnen zur Verf\u00fcgung f\u00fcr einen erfrischenden Kaffee und Mittagspause oder f\u00fcr ein Business Lunch und Abendessen und bietet eine gro\u00dfe Auswahl an <strong>kulinarischen K\u00f6stlichkeiten auf der Grundlage lokaler kretische Produkte<\/strong>.<\/p>\n<p>F\u00fcr zus\u00e4tzliche Informationen stehen wir gerne zur Verf\u00fcgung.<\/p>","protected":false},"excerpt":{"rendered":"<p>Mit der Tradition und der Erfahrung in Hosting erfolgreiche Gesch\u00e4ftstreffen und Veranstaltungen haben wir 2 voll ausgestattete S\u00e4le, die f\u00fcr eine wirklich einzigartige und erfolgreiche Corporate Event zur Verf\u00fcgung stehen, erstellt: Der Konferenzraum \u201cPegasus\u201d, mit Fl\u00e4che 70m2 und Kapazit\u00e4t f\u00fcr 75 Teilnehmer Das Restaurant &#8222;Phoenix&#8220; mit Fl\u00e4che 170m2 und Kapazit\u00e4t f\u00fcr Teilnehmer Alle Zimmer sind [&hellip;]<\/p>\n","protected":false},"author":1,"featured_media":0,"parent":0,"menu_order":0,"comment_status":"closed","ping_status":"closed","template":"","meta":{"footnotes":""},"class_list":["post-348","page","type-page","status-publish","hentry"],"_links":{"self":[{"href":"https:\/\/www.hotelastron.com\/de\/wp-json\/wp\/v2\/pages\/348","targetHints":{"allow":["GET"]}}],"collection":[{"href":"https:\/\/www.hotelastron.com\/de\/wp-json\/wp\/v2\/pages"}],"about":[{"href":"https:\/\/www.hotelastron.com\/de\/wp-json\/wp\/v2\/types\/page"}],"author":[{"embeddable":true,"href":"https:\/\/www.hotelastron.com\/de\/wp-json\/wp\/v2\/users\/1"}],"replies":[{"embeddable":true,"href":"https:\/\/www.hotelastron.com\/de\/wp-json\/wp\/v2\/comments?post=348"}],"version-history":[{"count":7,"href":"https:\/\/www.hotelastron.com\/de\/wp-json\/wp\/v2\/pages\/348\/revisions"}],"predecessor-version":[{"id":515,"href":"https:\/\/www.hotelastron.com\/de\/wp-json\/wp\/v2\/pages\/348\/revisions\/515"}],"wp:attachment":[{"href":"https:\/\/www.hotelastron.com\/de\/wp-json\/wp\/v2\/media?parent=348"}],"curies":[{"name":"wp","href":"https:\/\/api.w.org\/{rel}","templated":true}]}}