{"id":346,"date":"2018-01-23T08:23:34","date_gmt":"2018-01-23T08:23:34","guid":{"rendered":"http:\/\/136.243.146.162\/~hotelast\/?page_id=346"},"modified":"2022-03-15T16:06:52","modified_gmt":"2022-03-15T16:06:52","slug":"estiatorio-finikas","status":"publish","type":"page","link":"https:\/\/www.hotelastron.com\/de\/estiatorio-finikas\/","title":{"rendered":"Phoenix Restaurant"},"content":{"rendered":"<p>Im sch\u00f6nen und schattigen Innenhof des Hotels befindet sich ein einzigartiger Speiseraum &#8211; das Restaurant <strong>Phoenix,<\/strong> wo Sie ein herzhaftes Fr\u00fchst\u00fcck genie\u00dfen k\u00f6nnen und die originale griechische und kretische K\u00fcche kosten. Reine und frische Zutaten, eine wundervolle Atmosph\u00e4re und exzellenter Service untermalt von sanfter Musik sprechen auf einer farbenfrohen Reise durch dieses gastronomische Vergn\u00fcgen alle Sinne an.<\/p>\n<p>Unser Hauptprinzip ist, dass Sie mit lokalen Produkten und Spezialit\u00e4ten zu dienen, die hohen Qualit\u00e4tsstandards und N\u00e4hrwert haben, versuchen, in unserem Buffet, kretische Aromen zu bringen und Ihnen ein einzigartiges kulinarisches Erlebnis zu bieten.<\/p>\n<p><iframe loading=\"lazy\" title=\"YouTube video player\" src=\"https:\/\/www.youtube.com\/embed\/7onQB46SrDo\" width=\"100%\" height=\"450\" frameborder=\"0\" allowfullscreen=\"allowfullscreen\"><\/iframe><\/p>","protected":false},"excerpt":{"rendered":"<p>Im sch\u00f6nen und schattigen Innenhof des Hotels befindet sich ein einzigartiger Speiseraum &#8211; das Restaurant Phoenix, wo Sie ein herzhaftes Fr\u00fchst\u00fcck genie\u00dfen k\u00f6nnen und die originale griechische und kretische K\u00fcche kosten. Reine und frische Zutaten, eine wundervolle Atmosph\u00e4re und exzellenter Service untermalt von sanfter Musik sprechen auf einer farbenfrohen Reise durch dieses gastronomische Vergn\u00fcgen alle [&hellip;]<\/p>\n","protected":false},"author":1,"featured_media":0,"parent":0,"menu_order":0,"comment_status":"closed","ping_status":"closed","template":"","meta":{"footnotes":""},"class_list":["post-346","page","type-page","status-publish","hentry"],"_links":{"self":[{"href":"https:\/\/www.hotelastron.com\/de\/wp-json\/wp\/v2\/pages\/346","targetHints":{"allow":["GET"]}}],"collection":[{"href":"https:\/\/www.hotelastron.com\/de\/wp-json\/wp\/v2\/pages"}],"about":[{"href":"https:\/\/www.hotelastron.com\/de\/wp-json\/wp\/v2\/types\/page"}],"author":[{"embeddable":true,"href":"https:\/\/www.hotelastron.com\/de\/wp-json\/wp\/v2\/users\/1"}],"replies":[{"embeddable":true,"href":"https:\/\/www.hotelastron.com\/de\/wp-json\/wp\/v2\/comments?post=346"}],"version-history":[{"count":12,"href":"https:\/\/www.hotelastron.com\/de\/wp-json\/wp\/v2\/pages\/346\/revisions"}],"predecessor-version":[{"id":631,"href":"https:\/\/www.hotelastron.com\/de\/wp-json\/wp\/v2\/pages\/346\/revisions\/631"}],"wp:attachment":[{"href":"https:\/\/www.hotelastron.com\/de\/wp-json\/wp\/v2\/media?parent=346"}],"curies":[{"name":"wp","href":"https:\/\/api.w.org\/{rel}","templated":true}]}}