{"id":344,"date":"2018-01-23T08:19:25","date_gmt":"2018-01-23T08:19:25","guid":{"rendered":"http:\/\/136.243.146.162\/~hotelast\/?page_id=344"},"modified":"2018-04-29T10:45:53","modified_gmt":"2018-04-29T10:45:53","slug":"iridanos-lounge-cafe","status":"publish","type":"page","link":"https:\/\/www.hotelastron.com\/de\/iridanos-lounge-cafe\/","title":{"rendered":"Iridanos Lounge Cafe"},"content":{"rendered":"<p>Genie\u00dfen Sie die einzigartige Atmosph\u00e4re und Gastfreundschaft der <strong>Iridanos<\/strong> <strong>Lounge Cafe <\/strong>bei frisch zubereitetem Kaffee und hausgemachten Snacks aus den frischesten Zutaten, die Kreta zu bieten hat.<\/p>\n<p>Entspannung hat hier viele Gesichter: eine Zeitung oder Zeitschrift auf einem der gem\u00fctlichen Sofas, im Internet surfen oder einfach mit Freunden und Kollegen bei angenehmer\u00a0internationaler und griechischer Lounge-Musik den Tagesausklang genie\u00dfen.<\/p>\n<p>Die Bar hat bis sp\u00e4t Abends ge\u00f6ffnet und l\u00e4dt zu Drinks und Cocktails bei angenehmer Hintergrundmusik ein.<\/p>","protected":false},"excerpt":{"rendered":"<p>Genie\u00dfen Sie die einzigartige Atmosph\u00e4re und Gastfreundschaft der Iridanos Lounge Cafe bei frisch zubereitetem Kaffee und hausgemachten Snacks aus den frischesten Zutaten, die Kreta zu bieten hat. Entspannung hat hier viele Gesichter: eine Zeitung oder Zeitschrift auf einem der gem\u00fctlichen Sofas, im Internet surfen oder einfach mit Freunden und Kollegen bei angenehmer\u00a0internationaler und griechischer Lounge-Musik [&hellip;]<\/p>\n","protected":false},"author":1,"featured_media":0,"parent":0,"menu_order":0,"comment_status":"closed","ping_status":"closed","template":"","meta":{"footnotes":""},"class_list":["post-344","page","type-page","status-publish","hentry"],"_links":{"self":[{"href":"https:\/\/www.hotelastron.com\/de\/wp-json\/wp\/v2\/pages\/344","targetHints":{"allow":["GET"]}}],"collection":[{"href":"https:\/\/www.hotelastron.com\/de\/wp-json\/wp\/v2\/pages"}],"about":[{"href":"https:\/\/www.hotelastron.com\/de\/wp-json\/wp\/v2\/types\/page"}],"author":[{"embeddable":true,"href":"https:\/\/www.hotelastron.com\/de\/wp-json\/wp\/v2\/users\/1"}],"replies":[{"embeddable":true,"href":"https:\/\/www.hotelastron.com\/de\/wp-json\/wp\/v2\/comments?post=344"}],"version-history":[{"count":3,"href":"https:\/\/www.hotelastron.com\/de\/wp-json\/wp\/v2\/pages\/344\/revisions"}],"predecessor-version":[{"id":498,"href":"https:\/\/www.hotelastron.com\/de\/wp-json\/wp\/v2\/pages\/344\/revisions\/498"}],"wp:attachment":[{"href":"https:\/\/www.hotelastron.com\/de\/wp-json\/wp\/v2\/media?parent=344"}],"curies":[{"name":"wp","href":"https:\/\/api.w.org\/{rel}","templated":true}]}}