{"id":341,"date":"2018-01-23T07:34:37","date_gmt":"2018-01-23T07:34:37","guid":{"rendered":"http:\/\/136.243.146.162\/~hotelast\/?page_id=341"},"modified":"2022-03-15T16:12:15","modified_gmt":"2022-03-15T16:12:15","slug":"10-pragmata-gia-na-kanete","status":"publish","type":"page","link":"https:\/\/www.hotelastron.com\/de\/10-pragmata-gia-na-kanete\/","title":{"rendered":"10 Aktivit\u00e4ten zu tun"},"content":{"rendered":"<p>Das Gebiet von Ierapetra bietet jedem Gast viel Erholungs- und Entspannungsalternativen.<\/p>\n<p>Ein anschaulicher Vorschlag w\u00e4re:<\/p>\n<ol>\n<li>Besuchen Sie &#8222;Chrissi Island&#8220; oder &#8222;Donkey Island&#8220;, eine kleine exotische Insel, die 8 Meilen s\u00fcdlich von Ierapetra liegt, die Sie mit den lokalen Linienschiffen besuchen k\u00f6nnen, die jeden Tag Ausfl\u00fcge machen oder Ihre private Kreuzfahrt organisieren.<\/li>\n<li>Machen Sie einen Spaziergang zur Strandfu\u00dfg\u00e4ngerzone der Stadt und genie\u00dfen Sie ein leckeres Essen oder einen kalten Kaffee, in eines der vielen Restaurants und Caf\u00e9s.<\/li>\n<li>Besuch der venezianischen Festung &#8222;Kales&#8220; und durch die engen Gassen der Altstadt, vorbei am &#8222;Napoleon&#8217;s House&#8220; und der \u00f6rtlichen Moschee. Dann k\u00f6nnen Sie im arch\u00e4ologischen Museum von Ierapetra enden, wo Sie einige sehr wichtige Exponate aus der minoischen \u00c4ra finden k\u00f6nnen.<\/li>\n<li>Ein lokales Festival in einem der umliegenden D\u00f6rfer zu besuchen, lokale Spezialit\u00e4ten zu genie\u00dfen und bis zum fr\u00fchen Morgen zu tanzen<\/li>\n<li>Und wenn es kein Festival gibt, k\u00f6nnen Sie immer noch au\u00dfergew\u00f6hnliche Raki und Snacks in einer der lokalen Tavernen genie\u00dfen.<\/li>\n<li>Unz\u00e4hlige Str\u00e4nde mit kristallklarem, hellblauem und vor allem sicherem Wasser warten darauf, Sie im Sommer zu erfrischen. Ob Sie Ruhe und Entspannung suchen, oder Sie sind ein Fan von organisierten Einrichtungen und Strandbars, eines ist sicher: HIER finden Sie den Strand Ihren Geschmack!!<\/li>\n<li>In Bezug auf diejenigen, die Berg-Liebhaber sind, wird unsere Region Sie positiv \u00fcberraschen! Unz\u00e4hlige Touren und Wege stehen jedem Gast zur Verf\u00fcgung, um die kretische Landschaft zu erkunden und seine nat\u00fcrliche Sch\u00f6nheit kennenzulernen.<\/li>\n<li>F\u00fcr die &#8222;unruhigen Reisenden&#8220; bieten Ierapetra viele Sportaktivit\u00e4ten wie Tauchen, Reiten, Wassersport, Fahrradverleih, Jeep-Safari und vieles mehr!<\/li>\n<li>Verbringen Sie einen Tag in der Stadt und in den Gesch\u00e4ften, die das ganze Jahr \u00fcber ge\u00f6ffnet sind, wo Sie einkaufen und lokale Produkte und Souvenirs kaufen k\u00f6nnen.<\/li>\n<li>Schlie\u00dflich, abh\u00e4ngig von der Zeit, die Sie Ierapetra besuchen, k\u00f6nnen Sie an vielen lokalen Aktivit\u00e4ten teilnehmen und lernen Sie die kretische Lebensweise, wie Ernte und Weinlese, Kazanemata (Raki-Produktion), Liomazoma (Olivenernte), etc.<\/li>\n<\/ol>\n<p>F\u00fcr mehrere Informationen, bitte klicken:<\/p>\n<p><a href=\"https:\/\/www.ierapetra.gr\/index.php\/en\/\" target=\"_blank\">Ierapetra<\/a><\/p>","protected":false},"excerpt":{"rendered":"<p>Das Gebiet von Ierapetra bietet jedem Gast viel Erholungs- und Entspannungsalternativen. Ein anschaulicher Vorschlag w\u00e4re: Besuchen Sie &#8222;Chrissi Island&#8220; oder &#8222;Donkey Island&#8220;, eine kleine exotische Insel, die 8 Meilen s\u00fcdlich von Ierapetra liegt, die Sie mit den lokalen Linienschiffen besuchen k\u00f6nnen, die jeden Tag Ausfl\u00fcge machen oder Ihre private Kreuzfahrt organisieren. Machen Sie einen Spaziergang [&hellip;]<\/p>\n","protected":false},"author":1,"featured_media":0,"parent":0,"menu_order":0,"comment_status":"closed","ping_status":"closed","template":"","meta":{"footnotes":""},"class_list":["post-341","page","type-page","status-publish","hentry"],"_links":{"self":[{"href":"https:\/\/www.hotelastron.com\/de\/wp-json\/wp\/v2\/pages\/341","targetHints":{"allow":["GET"]}}],"collection":[{"href":"https:\/\/www.hotelastron.com\/de\/wp-json\/wp\/v2\/pages"}],"about":[{"href":"https:\/\/www.hotelastron.com\/de\/wp-json\/wp\/v2\/types\/page"}],"author":[{"embeddable":true,"href":"https:\/\/www.hotelastron.com\/de\/wp-json\/wp\/v2\/users\/1"}],"replies":[{"embeddable":true,"href":"https:\/\/www.hotelastron.com\/de\/wp-json\/wp\/v2\/comments?post=341"}],"version-history":[{"count":12,"href":"https:\/\/www.hotelastron.com\/de\/wp-json\/wp\/v2\/pages\/341\/revisions"}],"predecessor-version":[{"id":634,"href":"https:\/\/www.hotelastron.com\/de\/wp-json\/wp\/v2\/pages\/341\/revisions\/634"}],"wp:attachment":[{"href":"https:\/\/www.hotelastron.com\/de\/wp-json\/wp\/v2\/media?parent=341"}],"curies":[{"name":"wp","href":"https:\/\/api.w.org\/{rel}","templated":true}]}}