{"id":336,"date":"2018-01-23T07:28:14","date_gmt":"2018-01-23T07:28:14","guid":{"rendered":"http:\/\/136.243.146.162\/~hotelast\/?page_id=336"},"modified":"2022-03-15T15:19:55","modified_gmt":"2022-03-15T15:19:55","slug":"exormisis","status":"publish","type":"page","link":"https:\/\/www.hotelastron.com\/de\/exormisis\/","title":{"rendered":"Ausfl\u00fcge"},"content":{"rendered":"<p>Die &#8222;<em>Nymphe des libyschen Meeres<\/em>&#8222;, wie sie genannt ist, Ierapetra gelegt sich im S\u00fcdosten Kretas, in einem Gebiet von einzigartiger Naturlandschaft und Sch\u00f6nheit. Auch bekannt als die s\u00fcdlichste Stadt Europas, ist Sie von warmen Sommern und milden Wintern gepr\u00e4gt und ist ein ideales Reiseziel f\u00fcr das ganze Jahr.<br \/>\nDas Gebiet von Ierapetra, als ein wirtschaftliches und soziales Zentrum seit der Minoischen \u00c4ra, hat eine gro\u00dfe Vielfalt an Sehensw\u00fcrdigkeiten, die nicht nur aus der alten, sondern auch aus der zeitgen\u00f6ssischen Geschichte Kretas stammen und viele Ausflugsm\u00f6glichkeiten nach Ost Kreta bieten.<br \/>\nIn den folgenden Links, finden Sie weitere Informationen und Details, um Ihre n\u00e4chste unvergessliche Flucht aus dem Alltag zu organisieren.<\/p>\n<p><strong>Regionale Attraktionen und andere Sehensw\u00fcrdigkeiten<\/strong><\/p>\n<p><a href=\"http:\/\/www.ierapetra.gr\/index.php\/en\/\" target=\"_blank\">http:\/\/www.ierapetra.gr\/index.php\/en\/<\/a><\/p>\n<p><a href=\"http:\/\/www.pinterest.com\/visitierapetra\/\" target=\"_blank\">http:\/\/www.pinterest.com\/visitierapetra\/<\/a><\/p>\n<p><strong>Allgemeine Informationen bez\u00fcglich Kreta<\/strong><\/p>\n<p><a href=\"https:\/\/www.incrediblecrete.gr\/de\/\" target=\"_blank\">https:\/\/www.incrediblecrete.gr\/de\/<\/a><\/p>","protected":false},"excerpt":{"rendered":"<p>Die &#8222;Nymphe des libyschen Meeres&#8222;, wie sie genannt ist, Ierapetra gelegt sich im S\u00fcdosten Kretas, in einem Gebiet von einzigartiger Naturlandschaft und Sch\u00f6nheit. Auch bekannt als die s\u00fcdlichste Stadt Europas, ist Sie von warmen Sommern und milden Wintern gepr\u00e4gt und ist ein ideales Reiseziel f\u00fcr das ganze Jahr. Das Gebiet von Ierapetra, als ein wirtschaftliches [&hellip;]<\/p>\n","protected":false},"author":1,"featured_media":0,"parent":0,"menu_order":0,"comment_status":"closed","ping_status":"closed","template":"","meta":{"footnotes":""},"class_list":["post-336","page","type-page","status-publish","hentry"],"_links":{"self":[{"href":"https:\/\/www.hotelastron.com\/de\/wp-json\/wp\/v2\/pages\/336","targetHints":{"allow":["GET"]}}],"collection":[{"href":"https:\/\/www.hotelastron.com\/de\/wp-json\/wp\/v2\/pages"}],"about":[{"href":"https:\/\/www.hotelastron.com\/de\/wp-json\/wp\/v2\/types\/page"}],"author":[{"embeddable":true,"href":"https:\/\/www.hotelastron.com\/de\/wp-json\/wp\/v2\/users\/1"}],"replies":[{"embeddable":true,"href":"https:\/\/www.hotelastron.com\/de\/wp-json\/wp\/v2\/comments?post=336"}],"version-history":[{"count":7,"href":"https:\/\/www.hotelastron.com\/de\/wp-json\/wp\/v2\/pages\/336\/revisions"}],"predecessor-version":[{"id":630,"href":"https:\/\/www.hotelastron.com\/de\/wp-json\/wp\/v2\/pages\/336\/revisions\/630"}],"wp:attachment":[{"href":"https:\/\/www.hotelastron.com\/de\/wp-json\/wp\/v2\/media?parent=336"}],"curies":[{"name":"wp","href":"https:\/\/api.w.org\/{rel}","templated":true}]}}