{"id":249,"date":"2018-01-18T15:48:58","date_gmt":"2018-01-18T15:48:58","guid":{"rendered":"http:\/\/136.243.146.162\/~hotelast\/?page_id=249"},"modified":"2024-01-08T15:26:12","modified_gmt":"2024-01-08T15:26:12","slug":"suite-3-beds","status":"publish","type":"page","link":"https:\/\/www.hotelastron.com\/de\/suite-3-beds\/","title":{"rendered":"Suite 3 Betten"},"content":{"rendered":"<p>Die <strong> Suite <\/strong> unseres Hotels ist eine ideale Unterkunft f\u00fcr Freunde und Gesch\u00e4ftspartner. Es besteht aus 2 verbundenen Zimmern mit 2 Einzelbetten, 1 Schlafsofa und einem Badezimmer, w\u00e4hrend die Fl\u00e4che von 35m2 einen angenehmen Aufenthalt garantiert! Genie\u00dfen Sie Ihren Kaffee auf dem Balkon des Zimmers in einer ruhigen Umgebung, mit seitlichem Ausblick auf die Strandpromenade und den kleinen Hafen von Ierapetra.<\/p>\n<p><i class=\"fa fa-users fa-2x fa-fw\"><\/i> 3 Menschen\u00a0 \u00a0 \u00a0 \u00a0\u00a0<i class=\"fa fa-home fa-2x fa-fw\"><\/i> 35 m2\u00a0 \u00a0 \u00a0 \u00a0\u00a0<i class=\"fa fa-bed fa-2x fa-fw\"><\/i> 2 Einzelbetten &amp; 1 Schlafsofa<\/p>\n<p><i class=\"fa fa-wifi fa-2x fa-fw\"><\/i> Gratis WI-FI<br \/>\n<i class=\"fa fa-pencil fa-2x fa-fw\"><\/i> Schreibtisch<br \/>\n<i class=\"fa fa-lock fa-2x fa-fw\"><\/i> Feuerschutzt\u00fcren mit elektronischen Schl\u00f6ssern<br \/>\n<i class=\"fa fa-building fa-2x fa-fw\"><\/i> Ger\u00e4usch &#8211; und Temperatur-isolierte Fenster<br \/>\n<i class=\"fa fa-hotel fa-2x fa-fw\"><\/i> Anti-allergene Kissen und Matratzen<br \/>\n<i class=\"fa fa-shower fa-2x fa-fw\"><\/i> Badezimmer mit Shower und anti-rutsch Fliesen<br \/>\n<i class=\"fa fa-binoculars fa-2x fa-fw\"><\/i> Balkon mit Ausblick auf die Strandpromenade und den kleinen Hafen<br \/>\n<i class=\"fa fa-snowflake-o fa-2x fa-fw\"><\/i> VRV Klimaanlage mit unabh\u00e4ngiger Bedienung<br \/>\n<i class=\"fa fa-television fa-2x fa-fw\"><\/i> Satelliten TV 26\u2019\u2019 \u03ae 32\u2019\u2019 normal oder SMART mit Anschlussm\u00f6glichkeiten f\u00fcr Ihr pers\u00f6nliches Ton &#8211; oder Bildabspielger\u00e4t<br \/>\n<i class=\"fa fa-phone fa-2x fa-fw\"><\/i> Direktwahl Telefon<br \/>\n<i class=\"fa fa-unlock-alt fa-2x fa-fw\"><\/i> Safe<br \/>\n<i class=\"fa fa-glass fa-2x fa-fw\"><\/i> Mini Bar<br \/>\n<i class=\"fa fa-certificate fa-2x fa-fw\"><\/i> Marken-Toilettenartikel<br \/>\n<i class=\"fa fa-bullhorn fa-2x fa-fw\"><\/i> Haartrockner<\/p>\n<p><a class=\"uk-button uk-button-large uk-button-primary\" href=\"https:\/\/hotelastron.reserve-online.net\/\" target=\"_blank\" rel=\"noopener\">Book Online Now<\/a><\/p>","protected":false},"excerpt":{"rendered":"<p>Die Suite unseres Hotels ist eine ideale Unterkunft f\u00fcr Freunde und Gesch\u00e4ftspartner. Es besteht aus 2 verbundenen Zimmern mit 2 Einzelbetten, 1 Schlafsofa und einem Badezimmer, w\u00e4hrend die Fl\u00e4che von 35m2 einen angenehmen Aufenthalt garantiert! Genie\u00dfen Sie Ihren Kaffee auf dem Balkon des Zimmers in einer ruhigen Umgebung, mit seitlichem Ausblick auf die Strandpromenade und [&hellip;]<\/p>\n","protected":false},"author":1,"featured_media":0,"parent":0,"menu_order":0,"comment_status":"closed","ping_status":"closed","template":"","meta":{"footnotes":""},"class_list":["post-249","page","type-page","status-publish","hentry"],"_links":{"self":[{"href":"https:\/\/www.hotelastron.com\/de\/wp-json\/wp\/v2\/pages\/249","targetHints":{"allow":["GET"]}}],"collection":[{"href":"https:\/\/www.hotelastron.com\/de\/wp-json\/wp\/v2\/pages"}],"about":[{"href":"https:\/\/www.hotelastron.com\/de\/wp-json\/wp\/v2\/types\/page"}],"author":[{"embeddable":true,"href":"https:\/\/www.hotelastron.com\/de\/wp-json\/wp\/v2\/users\/1"}],"replies":[{"embeddable":true,"href":"https:\/\/www.hotelastron.com\/de\/wp-json\/wp\/v2\/comments?post=249"}],"version-history":[{"count":13,"href":"https:\/\/www.hotelastron.com\/de\/wp-json\/wp\/v2\/pages\/249\/revisions"}],"predecessor-version":[{"id":681,"href":"https:\/\/www.hotelastron.com\/de\/wp-json\/wp\/v2\/pages\/249\/revisions\/681"}],"wp:attachment":[{"href":"https:\/\/www.hotelastron.com\/de\/wp-json\/wp\/v2\/media?parent=249"}],"curies":[{"name":"wp","href":"https:\/\/api.w.org\/{rel}","templated":true}]}}