{"id":234,"date":"2018-01-18T15:20:53","date_gmt":"2018-01-18T15:20:53","guid":{"rendered":"http:\/\/136.243.146.162\/~hotelast\/?page_id=234"},"modified":"2024-01-08T15:30:02","modified_gmt":"2024-01-08T15:30:02","slug":"sea-view-double-or-twin","status":"publish","type":"page","link":"https:\/\/www.hotelastron.com\/de\/sea-view-double-or-twin\/","title":{"rendered":"Sea View Double or Twin"},"content":{"rendered":"<p>Komfort, exzellenter Service und Ergonomie. <strong> Sea View Double or Twin <\/strong> verf\u00fcgt \u00fcber 1 zwilling\/doppelt Bett und ein Badezimmer.Es ist ideal f\u00fcr Paare, die unvergessliche Momente zusammen verbringen m\u00f6chten, indem sie ihren Kaffee oder Drink auf dem Balkon genie\u00dfen, mit Panoramablick auf Ierapetra und seitliche Blick aufs Meer.<\/p>\n<p><i class=\"fa fa-users fa-2x fa-fw\"><\/i> 2 Menschen\u00a0 \u00a0 \u00a0 \u00a0\u00a0<i class=\"fa fa-home fa-2x fa-fw\"><\/i> 20 m2\u00a0 \u00a0 \u00a0 \u00a0\u00a0<i class=\"fa fa-bed fa-2x fa-fw\"><\/i> 1 zwilling\/doppelt Bett<\/p>\n<p><i class=\"fa fa-wifi fa-2x fa-fw\"><\/i> Gratis WI-FI<br \/>\n<i class=\"fa fa-pencil fa-2x fa-fw\"><\/i> Schreibtisch<br \/>\n<i class=\"fa fa-lock fa-2x fa-fw\"><\/i> Feuerschutzt\u00fcren mit elektronischen Schl\u00f6ssern<br \/>\n<i class=\"fa fa-building fa-2x fa-fw\"><\/i> Ger\u00e4usch &#8211; und Temperatur-isolierte Fenster<br \/>\n<i class=\"fa fa-hotel fa-2x fa-fw\"><\/i> Anti-allergene Kissen und Matratzen<br \/>\n<i class=\"fa fa-shower fa-2x fa-fw\"><\/i> Badezimmer mit Shower und anti-rutsch Fliesen<br \/>\n<i class=\"fa fa-binoculars fa-2x fa-fw\"><\/i> Balkon mit Panoramablick auf die Stadt und seitliche Ausblick aufs Meer<br \/>\n<i class=\"fa fa-snowflake-o fa-2x fa-fw\"><\/i> VRV Klimaanlage mit unabh\u00e4ngiger Bedienung<br \/>\n<i class=\"fa fa-television fa-2x fa-fw\"><\/i> Satelliten TV 26\u2019\u2019 \u03ae 32\u2019\u2019 normal oder SMART mit Anschlussm\u00f6glichkeiten f\u00fcr Ihr pers\u00f6nliches Ton &#8211; oder Bildabspielger\u00e4t<br \/>\n<i class=\"fa fa-phone fa-2x fa-fw\"><\/i> Direktwahl Telefon<br \/>\n<i class=\"fa fa-unlock-alt fa-2x fa-fw\"><\/i> Safe<br \/>\n<i class=\"fa fa-glass fa-2x fa-fw\"><\/i> Mini Bar<br \/>\n<i class=\"fa fa-certificate fa-2x fa-fw\"><\/i> Marken-Toilettenartikel<br \/>\n<i class=\"fa fa-bullhorn fa-2x fa-fw\"><\/i> Haartrockner<\/p>\n<p><a class=\"uk-button uk-button-large uk-button-primary\" href=\"https:\/\/hotelastron.reserve-online.net\/\" target=\"_blank\" rel=\"noopener\">Book Online Now<\/a><\/p>","protected":false},"excerpt":{"rendered":"<p>Komfort, exzellenter Service und Ergonomie. Sea View Double or Twin verf\u00fcgt \u00fcber 1 zwilling\/doppelt Bett und ein Badezimmer.Es ist ideal f\u00fcr Paare, die unvergessliche Momente zusammen verbringen m\u00f6chten, indem sie ihren Kaffee oder Drink auf dem Balkon genie\u00dfen, mit Panoramablick auf Ierapetra und seitliche Blick aufs Meer. 2 Menschen\u00a0 \u00a0 \u00a0 \u00a0\u00a0 20 m2\u00a0 \u00a0 [&hellip;]<\/p>\n","protected":false},"author":1,"featured_media":0,"parent":0,"menu_order":0,"comment_status":"closed","ping_status":"closed","template":"","meta":{"footnotes":""},"class_list":["post-234","page","type-page","status-publish","hentry"],"_links":{"self":[{"href":"https:\/\/www.hotelastron.com\/de\/wp-json\/wp\/v2\/pages\/234","targetHints":{"allow":["GET"]}}],"collection":[{"href":"https:\/\/www.hotelastron.com\/de\/wp-json\/wp\/v2\/pages"}],"about":[{"href":"https:\/\/www.hotelastron.com\/de\/wp-json\/wp\/v2\/types\/page"}],"author":[{"embeddable":true,"href":"https:\/\/www.hotelastron.com\/de\/wp-json\/wp\/v2\/users\/1"}],"replies":[{"embeddable":true,"href":"https:\/\/www.hotelastron.com\/de\/wp-json\/wp\/v2\/comments?post=234"}],"version-history":[{"count":6,"href":"https:\/\/www.hotelastron.com\/de\/wp-json\/wp\/v2\/pages\/234\/revisions"}],"predecessor-version":[{"id":685,"href":"https:\/\/www.hotelastron.com\/de\/wp-json\/wp\/v2\/pages\/234\/revisions\/685"}],"wp:attachment":[{"href":"https:\/\/www.hotelastron.com\/de\/wp-json\/wp\/v2\/media?parent=234"}],"curies":[{"name":"wp","href":"https:\/\/api.w.org\/{rel}","templated":true}]}}